{"id":38,"date":"2016-12-27T12:41:48","date_gmt":"2016-12-27T12:41:48","guid":{"rendered":"http:\/\/php.webmasterdriver.net\/auto\/?page_id=38"},"modified":"2019-07-10T12:27:25","modified_gmt":"2019-07-10T15:27:25","slug":"about-us","status":"publish","type":"page","link":"https:\/\/cecafcarrosfunerarios.com.br\/pb\/about-us\/","title":{"rendered":"Sobre N\u00f3s"},"content":{"rendered":"<div class=\"wpb-content-wrapper\"><p>[vc_row el_id=&#8221;AboutCompany&#8221;][vc_column el_class=&#8221;section-padding&#8221;][vc_row_inner][vc_column_inner el_class=&#8221;section-header&#8221;][vc_column_text]<\/p>\n<h2 style=\"text-align: center;\">Seja Bem Vindo ao CECAF<\/h2>\n<p>[\/vc_column_text][vc_column_text css=&#8221;.vc_custom_1561593802369{margin-bottom: 0px !important;}&#8221;]<\/p>\n<p style=\"text-align: center;\">A \u201dCECAF CENTRAL DE COMPRAS PARA ARTIGOS FUNER\u00c1RIOS\u201d,surgiu atrav\u00e9s de seu idealizador, o Sr. Jos\u00e9 Aparecido Am\u00f4r, conhecido como DED\u00c9, atuando no setor Funer\u00e1rio desde o ano de 1.983, onde iniciou juntamente com a sua fam\u00edlia a ind\u00fastria de Urnas Leommar, exercendo o cargo de Diretor Comercial, visitando as Funer\u00e1rias do Brasil e com isso visualizando as necessidades do setor.<\/p>\n<p>[\/vc_column_text][\/vc_column_inner][\/vc_row_inner][vc_row_inner][vc_column_inner el_class=&#8221;about_content&#8221; width=&#8221;1\/2&#8243;][vc_single_image image=&#8221;1259&#8243; el_class=&#8221;curricle_image_m&#8221;][vc_column_text el_class=&#8221;abt_content_m&#8221;]<\/p>\n<h3>Quem <span style=\"font-weight: 300;\">Somos N\u00f3s<\/span><\/h3>\n<p>Estando sempre atuando junto aos Diretores Funer\u00e1rios, participando de Congressos, reuni\u00f5es, Feiras, presenciando em muitas viagens a necessidade de um carro f\u00fanebre diferenciado para cortejo que atendesse com dignidade as fam\u00edlias enlutadas. Por acreditar e persistir que seria poss\u00edvel criar algo diferente um dia para suprir as necessidades do setor, no ano de 2009, firmou uma parceria com a CARROS FUNER\u00c1RIOS PROC\u00d3PIO, que j\u00e1 tinha know-how na transforma\u00e7\u00e3o de carros de luxo e lan\u00e7aram na Funexpo em Santos-SP o PRIMEIRO FUNERAL CAR DE LUXE DO BRASIL.[\/vc_column_text][\/vc_column_inner][vc_column_inner el_class=&#8221;about_content&#8221; width=&#8221;1\/2&#8243;][vc_single_image image=&#8221;1257&#8243; el_class=&#8221;curricle_image_m&#8221;][vc_column_text el_class=&#8221;abt_content_m&#8221;]<\/p>\n<h3>Nossa <span style=\"font-weight: 300;\">Miss\u00e3o<\/span><\/h3>\n<p>Com a negocia\u00e7\u00e3o das transforma\u00e7\u00f5es dos carros, surgiu um novo mercado, com a oferta e procura dos nossos clientes por carros semi novos, vendo essa necessidade do Setor em algo espec\u00edfico para comercializa\u00e7\u00e3o dos ve\u00edculos criou este site, onde pode ser anunciado os ve\u00edculos para venda e os poss\u00edveis compradores encontrarem o ve\u00edculo que necessitam.[\/vc_column_text][\/vc_column_inner][\/vc_row_inner][\/vc_column][\/vc_row]<\/p>\n<\/div>","protected":false},"excerpt":{"rendered":"<p>[vc_row el_id=&#8221;AboutCompany&#8221;][vc_column el_class=&#8221;section-padding&#8221;][vc_row_inner][vc_column_inner el_class=&#8221;section-header&#8221;][vc_column_text] Seja Bem Vindo ao CECAF [\/vc_column_text][vc_column_text css=&#8221;.vc_custom_1561593802369{margin-bottom: 0px !important;}&#8221;] A \u201dCECAF CENTRAL DE COMPRAS PARA ARTIGOS FUNER\u00c1RIOS\u201d,surgiu atrav\u00e9s de seu idealizador, o Sr. Jos\u00e9 Aparecido Am\u00f4r, conhecido como DED\u00c9, atuando no setor Funer\u00e1rio desde o ano de 1.983, onde iniciou juntamente com a sua fam\u00edlia a ind\u00fastria de Urnas Leommar, exercendo [&hellip;]<\/p>\n","protected":false},"author":1,"featured_media":0,"parent":0,"menu_order":0,"comment_status":"closed","ping_status":"closed","template":"vc-page.php","meta":{"footnotes":""},"class_list":["post-38","page","type-page","status-publish","hentry"],"yoast_head":"<!-- This site is optimized with the Yoast SEO plugin v27.2 - https:\/\/yoast.com\/product\/yoast-seo-wordpress\/ -->\n<title>Sobre N\u00f3s - CECAF<\/title>\n<meta name=\"robots\" content=\"index, follow, max-snippet:-1, max-image-preview:large, max-video-preview:-1\" \/>\n<link rel=\"canonical\" href=\"https:\/\/cecafcarrosfunerarios.com.br\/about-us\/\" \/>\n<meta property=\"og:locale\" content=\"pt_BR\" \/>\n<meta property=\"og:type\" content=\"article\" \/>\n<meta property=\"og:title\" content=\"Sobre N\u00f3s - CECAF\" \/>\n<meta property=\"og:description\" content=\"[vc_row el_id=&#8221;AboutCompany&#8221;][vc_column el_class=&#8221;section-padding&#8221;][vc_row_inner][vc_column_inner el_class=&#8221;section-header&#8221;][vc_column_text] Seja Bem Vindo ao CECAF [\/vc_column_text][vc_column_text css=&#8221;.vc_custom_1561593802369{margin-bottom: 0px !important;}&#8221;] A \u201dCECAF CENTRAL DE COMPRAS PARA ARTIGOS FUNER\u00c1RIOS\u201d,surgiu atrav\u00e9s de seu idealizador, o Sr. Jos\u00e9 Aparecido Am\u00f4r, conhecido como DED\u00c9, atuando no setor Funer\u00e1rio desde o ano de 1.983, onde iniciou juntamente com a sua fam\u00edlia a ind\u00fastria de Urnas Leommar, exercendo [&hellip;]\" \/>\n<meta property=\"og:url\" content=\"https:\/\/cecafcarrosfunerarios.com.br\/about-us\/\" \/>\n<meta property=\"og:site_name\" content=\"CECAF\" \/>\n<meta property=\"article:modified_time\" content=\"2019-07-10T15:27:25+00:00\" \/>\n<meta name=\"twitter:card\" content=\"summary_large_image\" \/>\n<meta name=\"twitter:label1\" content=\"Est. tempo de leitura\" \/>\n\t<meta name=\"twitter:data1\" content=\"2 minutos\" \/>\n<script type=\"application\/ld+json\" class=\"yoast-schema-graph\">{\"@context\":\"https:\/\/schema.org\",\"@graph\":[{\"@type\":\"WebPage\",\"@id\":\"https:\/\/cecafcarrosfunerarios.com.br\/about-us\/\",\"url\":\"https:\/\/cecafcarrosfunerarios.com.br\/about-us\/\",\"name\":\"Sobre N\u00f3s - CECAF\",\"isPartOf\":{\"@id\":\"https:\/\/cecafcarrosfunerarios.com.br\/#website\"},\"datePublished\":\"2016-12-27T12:41:48+00:00\",\"dateModified\":\"2019-07-10T15:27:25+00:00\",\"breadcrumb\":{\"@id\":\"https:\/\/cecafcarrosfunerarios.com.br\/about-us\/#breadcrumb\"},\"inLanguage\":\"pt-BR\",\"potentialAction\":[{\"@type\":\"ReadAction\",\"target\":[\"https:\/\/cecafcarrosfunerarios.com.br\/about-us\/\"]}]},{\"@type\":\"BreadcrumbList\",\"@id\":\"https:\/\/cecafcarrosfunerarios.com.br\/about-us\/#breadcrumb\",\"itemListElement\":[{\"@type\":\"ListItem\",\"position\":1,\"name\":\"In\u00edcio\",\"item\":\"https:\/\/cecafcarrosfunerarios.com.br\/\"},{\"@type\":\"ListItem\",\"position\":2,\"name\":\"Sobre N\u00f3s\"}]},{\"@type\":\"WebSite\",\"@id\":\"https:\/\/cecafcarrosfunerarios.com.br\/#website\",\"url\":\"https:\/\/cecafcarrosfunerarios.com.br\/\",\"name\":\"CECAF\",\"description\":\"Carros Funer\u00e1rios\",\"publisher\":{\"@id\":\"https:\/\/cecafcarrosfunerarios.com.br\/#organization\"},\"potentialAction\":[{\"@type\":\"SearchAction\",\"target\":{\"@type\":\"EntryPoint\",\"urlTemplate\":\"https:\/\/cecafcarrosfunerarios.com.br\/?s={search_term_string}\"},\"query-input\":{\"@type\":\"PropertyValueSpecification\",\"valueRequired\":true,\"valueName\":\"search_term_string\"}}],\"inLanguage\":\"pt-BR\"},{\"@type\":\"Organization\",\"@id\":\"https:\/\/cecafcarrosfunerarios.com.br\/#organization\",\"name\":\"CECAF\",\"url\":\"https:\/\/cecafcarrosfunerarios.com.br\/\",\"logo\":{\"@type\":\"ImageObject\",\"inLanguage\":\"pt-BR\",\"@id\":\"https:\/\/cecafcarrosfunerarios.com.br\/#\/schema\/logo\/image\/\",\"url\":\"https:\/\/cecafcarrosfunerarios.com.br\/wp-content\/uploads\/2019\/06\/logo-cecaf-3-2.png\",\"contentUrl\":\"https:\/\/cecafcarrosfunerarios.com.br\/wp-content\/uploads\/2019\/06\/logo-cecaf-3-2.png\",\"width\":150,\"height\":80,\"caption\":\"CECAF\"},\"image\":{\"@id\":\"https:\/\/cecafcarrosfunerarios.com.br\/#\/schema\/logo\/image\/\"}}]}<\/script>\n<!-- \/ Yoast SEO plugin. -->","yoast_head_json":{"title":"Sobre N\u00f3s - CECAF","robots":{"index":"index","follow":"follow","max-snippet":"max-snippet:-1","max-image-preview":"max-image-preview:large","max-video-preview":"max-video-preview:-1"},"canonical":"https:\/\/cecafcarrosfunerarios.com.br\/about-us\/","og_locale":"pt_BR","og_type":"article","og_title":"Sobre N\u00f3s - CECAF","og_description":"[vc_row el_id=&#8221;AboutCompany&#8221;][vc_column el_class=&#8221;section-padding&#8221;][vc_row_inner][vc_column_inner el_class=&#8221;section-header&#8221;][vc_column_text] Seja Bem Vindo ao CECAF [\/vc_column_text][vc_column_text css=&#8221;.vc_custom_1561593802369{margin-bottom: 0px !important;}&#8221;] A \u201dCECAF CENTRAL DE COMPRAS PARA ARTIGOS FUNER\u00c1RIOS\u201d,surgiu atrav\u00e9s de seu idealizador, o Sr. Jos\u00e9 Aparecido Am\u00f4r, conhecido como DED\u00c9, atuando no setor Funer\u00e1rio desde o ano de 1.983, onde iniciou juntamente com a sua fam\u00edlia a ind\u00fastria de Urnas Leommar, exercendo [&hellip;]","og_url":"https:\/\/cecafcarrosfunerarios.com.br\/about-us\/","og_site_name":"CECAF","article_modified_time":"2019-07-10T15:27:25+00:00","twitter_card":"summary_large_image","twitter_misc":{"Est. tempo de leitura":"2 minutos"},"schema":{"@context":"https:\/\/schema.org","@graph":[{"@type":"WebPage","@id":"https:\/\/cecafcarrosfunerarios.com.br\/about-us\/","url":"https:\/\/cecafcarrosfunerarios.com.br\/about-us\/","name":"Sobre N\u00f3s - CECAF","isPartOf":{"@id":"https:\/\/cecafcarrosfunerarios.com.br\/#website"},"datePublished":"2016-12-27T12:41:48+00:00","dateModified":"2019-07-10T15:27:25+00:00","breadcrumb":{"@id":"https:\/\/cecafcarrosfunerarios.com.br\/about-us\/#breadcrumb"},"inLanguage":"pt-BR","potentialAction":[{"@type":"ReadAction","target":["https:\/\/cecafcarrosfunerarios.com.br\/about-us\/"]}]},{"@type":"BreadcrumbList","@id":"https:\/\/cecafcarrosfunerarios.com.br\/about-us\/#breadcrumb","itemListElement":[{"@type":"ListItem","position":1,"name":"In\u00edcio","item":"https:\/\/cecafcarrosfunerarios.com.br\/"},{"@type":"ListItem","position":2,"name":"Sobre N\u00f3s"}]},{"@type":"WebSite","@id":"https:\/\/cecafcarrosfunerarios.com.br\/#website","url":"https:\/\/cecafcarrosfunerarios.com.br\/","name":"CECAF","description":"Carros Funer\u00e1rios","publisher":{"@id":"https:\/\/cecafcarrosfunerarios.com.br\/#organization"},"potentialAction":[{"@type":"SearchAction","target":{"@type":"EntryPoint","urlTemplate":"https:\/\/cecafcarrosfunerarios.com.br\/?s={search_term_string}"},"query-input":{"@type":"PropertyValueSpecification","valueRequired":true,"valueName":"search_term_string"}}],"inLanguage":"pt-BR"},{"@type":"Organization","@id":"https:\/\/cecafcarrosfunerarios.com.br\/#organization","name":"CECAF","url":"https:\/\/cecafcarrosfunerarios.com.br\/","logo":{"@type":"ImageObject","inLanguage":"pt-BR","@id":"https:\/\/cecafcarrosfunerarios.com.br\/#\/schema\/logo\/image\/","url":"https:\/\/cecafcarrosfunerarios.com.br\/wp-content\/uploads\/2019\/06\/logo-cecaf-3-2.png","contentUrl":"https:\/\/cecafcarrosfunerarios.com.br\/wp-content\/uploads\/2019\/06\/logo-cecaf-3-2.png","width":150,"height":80,"caption":"CECAF"},"image":{"@id":"https:\/\/cecafcarrosfunerarios.com.br\/#\/schema\/logo\/image\/"}}]}},"jetpack_sharing_enabled":true,"post_mailing_queue_ids":[],"_links":{"self":[{"href":"https:\/\/cecafcarrosfunerarios.com.br\/pb\/wp-json\/wp\/v2\/pages\/38","targetHints":{"allow":["GET"]}}],"collection":[{"href":"https:\/\/cecafcarrosfunerarios.com.br\/pb\/wp-json\/wp\/v2\/pages"}],"about":[{"href":"https:\/\/cecafcarrosfunerarios.com.br\/pb\/wp-json\/wp\/v2\/types\/page"}],"author":[{"embeddable":true,"href":"https:\/\/cecafcarrosfunerarios.com.br\/pb\/wp-json\/wp\/v2\/users\/1"}],"replies":[{"embeddable":true,"href":"https:\/\/cecafcarrosfunerarios.com.br\/pb\/wp-json\/wp\/v2\/comments?post=38"}],"version-history":[{"count":4,"href":"https:\/\/cecafcarrosfunerarios.com.br\/pb\/wp-json\/wp\/v2\/pages\/38\/revisions"}],"predecessor-version":[{"id":1260,"href":"https:\/\/cecafcarrosfunerarios.com.br\/pb\/wp-json\/wp\/v2\/pages\/38\/revisions\/1260"}],"wp:attachment":[{"href":"https:\/\/cecafcarrosfunerarios.com.br\/pb\/wp-json\/wp\/v2\/media?parent=38"}],"curies":[{"name":"wp","href":"https:\/\/api.w.org\/{rel}","templated":true}]}}